{"id":108,"date":"2023-03-08T12:16:48","date_gmt":"2023-03-08T12:16:48","guid":{"rendered":"https:\/\/test.pallettrading.hu\/?page_id=108"},"modified":"2023-03-17T13:11:47","modified_gmt":"2023-03-17T13:11:47","slug":"about","status":"publish","type":"page","link":"https:\/\/test.pallettrading.hu\/en\/about\/","title":{"rendered":"About"},"content":{"rendered":"<div data-elementor-type=\"wp-page\" data-elementor-id=\"108\" class=\"elementor elementor-108\">\n\t\t\t\t\t\t\t\t\t<section class=\"elementor-section elementor-top-section elementor-element elementor-element-445eead elementor-section-boxed elementor-section-height-default elementor-section-height-default\" data-id=\"445eead\" data-element_type=\"section\">\n\t\t\t\t\t\t<div class=\"elementor-container elementor-column-gap-default\">\n\t\t\t\t\t<div class=\"elementor-column elementor-col-16 elementor-top-column elementor-element elementor-element-07dbbd4\" data-id=\"07dbbd4\" data-element_type=\"column\">\n\t\t\t<div class=\"elementor-widget-wrap\">\n\t\t\t\t\t\t\t\t\t<\/div>\n\t\t<\/div>\n\t\t\t\t<div class=\"elementor-column elementor-col-66 elementor-top-column elementor-element elementor-element-ec0147a\" data-id=\"ec0147a\" data-element_type=\"column\">\n\t\t\t<div class=\"elementor-widget-wrap elementor-element-populated\">\n\t\t\t\t\t\t\t\t<div class=\"elementor-element elementor-element-d1fc5e2 elementor-widget elementor-widget-text-editor\" data-id=\"d1fc5e2\" data-element_type=\"widget\" data-widget_type=\"text-editor.default\">\n\t\t\t\t<div class=\"elementor-widget-container\">\n\t\t\t<style>\/*! elementor - v3.11.5 - 14-03-2023 *\/\n.elementor-widget-text-editor.elementor-drop-cap-view-stacked .elementor-drop-cap{background-color:#818a91;color:#fff}.elementor-widget-text-editor.elementor-drop-cap-view-framed .elementor-drop-cap{color:#818a91;border:3px solid;background-color:transparent}.elementor-widget-text-editor:not(.elementor-drop-cap-view-default) .elementor-drop-cap{margin-top:8px}.elementor-widget-text-editor:not(.elementor-drop-cap-view-default) .elementor-drop-cap-letter{width:1em;height:1em}.elementor-widget-text-editor .elementor-drop-cap{float:left;text-align:center;line-height:1;font-size:50px}.elementor-widget-text-editor .elementor-drop-cap-letter{display:inline-block}<\/style>\t\t\t\t<h6>Correctness + Predictability = Reliability<\/h6>\n\nIt's just a two-component equation, yet it's an essential element of the effective collaboration. For us, the nr.1. priority is that - during our joint work - the business should be fair, efficient, transparent and, last but not least, profitable for both parties! \n<br\/><br\/>\nWe don't make any irresponsibly promise! What we undertake, we keep, because we think long-term!\n<br\/><br\/>\nOur founding members and managers have 20-30 years of experience in the logistics, procurement and sales markets in Hungary and other Central and Eastern European markets. \n<br\/><br\/>\nOur group of companies now occupies one of the market leading positions among pallet wholesalers.\t\t\t\t\t\t<\/div>\n\t\t\t\t<\/div>\n\t\t\t\t<div class=\"elementor-element elementor-element-3da1ced elementor-widget elementor-widget-text-editor\" data-id=\"3da1ced\" data-element_type=\"widget\" data-widget_type=\"text-editor.default\">\n\t\t\t\t<div class=\"elementor-widget-container\">\n\t\t\t\t\t\t\t<h6>Our goals<\/h6>\nWhen the company was founded, it set itself the goal of utilizing the significant professional experience gained over the past decades and making it accessible to its partners. We consider it important to emphasize that our company can also provide a complete service (full pallet management) to its partners, i.e. not just simply sell and\/or buy products! Making the pallet handling and logistics processes cost-effective, transparent and controllable is a key aspect. Our founders and managers have already participated in numerous domestic and international projects that achieved significant cost savings. \n<br\/><br\/>\nThrough our contact network and cooperation agreements covering the entire country, we can guarantee the security of supply and service in any part of the country.\t\t\t\t\t\t<\/div>\n\t\t\t\t<\/div>\n\t\t\t\t\t<\/div>\n\t\t<\/div>\n\t\t\t\t<div class=\"elementor-column elementor-col-16 elementor-top-column elementor-element elementor-element-56f0a8c\" data-id=\"56f0a8c\" data-element_type=\"column\">\n\t\t\t<div class=\"elementor-widget-wrap\">\n\t\t\t\t\t\t\t\t\t<\/div>\n\t\t<\/div>\n\t\t\t\t\t\t\t<\/div>\n\t\t<\/section>\n\t\t\t\t\t\t\t<\/div>","protected":false},"excerpt":{"rendered":"<p>Korrekts\u00e9g + Kisz\u00e1m\u00edthat\u00f3s\u00e1g = Megb\u00edzhat\u00f3s\u00e1g Csup\u00e1n k\u00e9t \u00f6sszetev\u0151s egyenlet, m\u00e9gis a hat\u00e9kony egy\u00fcttm\u0171k\u00f6d\u00e9s n\u00e9lk\u00fcl\u00f6zhetetlen elemei. Sz\u00e1munkra els\u0151dleges, hogy a k\u00f6z\u00f6s munk\u00e1nk sor\u00e1n [&hellip;]<\/p>","protected":false},"author":1,"featured_media":0,"parent":0,"menu_order":0,"comment_status":"closed","ping_status":"closed","template":"elementor_header_footer","meta":{"footnotes":""},"class_list":["post-108","page","type-page","status-publish","hentry"],"yoast_head":"<!-- This site is optimized with the Yoast SEO plugin v20.3 - https:\/\/yoast.com\/wordpress\/plugins\/seo\/ -->\n<title>About - Pallet Trading Kft<\/title>\n<meta name=\"robots\" content=\"noindex, follow, max-snippet:-1, max-image-preview:large, max-video-preview:-1\" \/>\n<meta property=\"og:locale\" content=\"en_US\" \/>\n<meta property=\"og:type\" content=\"article\" \/>\n<meta property=\"og:title\" content=\"About - Pallet Trading Kft\" \/>\n<meta property=\"og:description\" content=\"Korrekts\u00e9g + Kisz\u00e1m\u00edthat\u00f3s\u00e1g = Megb\u00edzhat\u00f3s\u00e1g Csup\u00e1n k\u00e9t \u00f6sszetev\u0151s egyenlet, m\u00e9gis a hat\u00e9kony egy\u00fcttm\u0171k\u00f6d\u00e9s n\u00e9lk\u00fcl\u00f6zhetetlen elemei. Sz\u00e1munkra els\u0151dleges, hogy a k\u00f6z\u00f6s munk\u00e1nk sor\u00e1n [&hellip;]\" \/>\n<meta property=\"og:url\" content=\"https:\/\/test.pallettrading.hu\/en\/about\/\" \/>\n<meta property=\"og:site_name\" content=\"Pallet Trading Kft\" \/>\n<meta property=\"article:modified_time\" content=\"2023-03-17T13:11:47+00:00\" \/>\n<meta name=\"twitter:card\" content=\"summary_large_image\" \/>\n<meta name=\"twitter:label1\" content=\"Est. reading time\" \/>\n\t<meta name=\"twitter:data1\" content=\"2 minutes\" \/>\n<script type=\"application\/ld+json\" class=\"yoast-schema-graph\">{\"@context\":\"https:\/\/schema.org\",\"@graph\":[{\"@type\":\"WebPage\",\"@id\":\"https:\/\/test.pallettrading.hu\/about\/\",\"url\":\"https:\/\/test.pallettrading.hu\/about\/\",\"name\":\"About - Pallet Trading Kft\",\"isPartOf\":{\"@id\":\"https:\/\/test.pallettrading.hu\/#website\"},\"datePublished\":\"2023-03-08T12:16:48+00:00\",\"dateModified\":\"2023-03-17T13:11:47+00:00\",\"breadcrumb\":{\"@id\":\"https:\/\/test.pallettrading.hu\/about\/#breadcrumb\"},\"inLanguage\":\"en-US\",\"potentialAction\":[{\"@type\":\"ReadAction\",\"target\":[\"https:\/\/test.pallettrading.hu\/about\/\"]}]},{\"@type\":\"BreadcrumbList\",\"@id\":\"https:\/\/test.pallettrading.hu\/about\/#breadcrumb\",\"itemListElement\":[{\"@type\":\"ListItem\",\"position\":1,\"name\":\"Home\",\"item\":\"https:\/\/test.pallettrading.hu\/\"},{\"@type\":\"ListItem\",\"position\":2,\"name\":\"About\"}]},{\"@type\":\"WebSite\",\"@id\":\"https:\/\/test.pallettrading.hu\/#website\",\"url\":\"https:\/\/test.pallettrading.hu\/\",\"name\":\"Pallet Trading Kft\",\"description\":\"\",\"publisher\":{\"@id\":\"https:\/\/test.pallettrading.hu\/#organization\"},\"potentialAction\":[{\"@type\":\"SearchAction\",\"target\":{\"@type\":\"EntryPoint\",\"urlTemplate\":\"https:\/\/test.pallettrading.hu\/?s={search_term_string}\"},\"query-input\":\"required name=search_term_string\"}],\"inLanguage\":\"en-US\"},{\"@type\":\"Organization\",\"@id\":\"https:\/\/test.pallettrading.hu\/#organization\",\"name\":\"Pallet Trading Kft\",\"url\":\"https:\/\/test.pallettrading.hu\/\",\"logo\":{\"@type\":\"ImageObject\",\"inLanguage\":\"en-US\",\"@id\":\"https:\/\/test.pallettrading.hu\/#\/schema\/logo\/image\/\",\"url\":\"https:\/\/test.pallettrading.hu\/wp-content\/uploads\/2023\/03\/Logo-1.png\",\"contentUrl\":\"https:\/\/test.pallettrading.hu\/wp-content\/uploads\/2023\/03\/Logo-1.png\",\"width\":77,\"height\":69,\"caption\":\"Pallet Trading Kft\"},\"image\":{\"@id\":\"https:\/\/test.pallettrading.hu\/#\/schema\/logo\/image\/\"}}]}<\/script>\n<!-- \/ Yoast SEO plugin. -->","yoast_head_json":{"title":"About - Pallet Trading Kft","robots":{"index":"noindex","follow":"follow","max-snippet":"max-snippet:-1","max-image-preview":"max-image-preview:large","max-video-preview":"max-video-preview:-1"},"og_locale":"en_US","og_type":"article","og_title":"About - Pallet Trading Kft","og_description":"Korrekts\u00e9g + Kisz\u00e1m\u00edthat\u00f3s\u00e1g = Megb\u00edzhat\u00f3s\u00e1g Csup\u00e1n k\u00e9t \u00f6sszetev\u0151s egyenlet, m\u00e9gis a hat\u00e9kony egy\u00fcttm\u0171k\u00f6d\u00e9s n\u00e9lk\u00fcl\u00f6zhetetlen elemei. Sz\u00e1munkra els\u0151dleges, hogy a k\u00f6z\u00f6s munk\u00e1nk sor\u00e1n [&hellip;]","og_url":"https:\/\/test.pallettrading.hu\/en\/about\/","og_site_name":"Pallet Trading Kft","article_modified_time":"2023-03-17T13:11:47+00:00","twitter_card":"summary_large_image","twitter_misc":{"Est. reading time":"2 minutes"},"schema":{"@context":"https:\/\/schema.org","@graph":[{"@type":"WebPage","@id":"https:\/\/test.pallettrading.hu\/about\/","url":"https:\/\/test.pallettrading.hu\/about\/","name":"About - Pallet Trading Kft","isPartOf":{"@id":"https:\/\/test.pallettrading.hu\/#website"},"datePublished":"2023-03-08T12:16:48+00:00","dateModified":"2023-03-17T13:11:47+00:00","breadcrumb":{"@id":"https:\/\/test.pallettrading.hu\/about\/#breadcrumb"},"inLanguage":"en-US","potentialAction":[{"@type":"ReadAction","target":["https:\/\/test.pallettrading.hu\/about\/"]}]},{"@type":"BreadcrumbList","@id":"https:\/\/test.pallettrading.hu\/about\/#breadcrumb","itemListElement":[{"@type":"ListItem","position":1,"name":"Home","item":"https:\/\/test.pallettrading.hu\/"},{"@type":"ListItem","position":2,"name":"About"}]},{"@type":"WebSite","@id":"https:\/\/test.pallettrading.hu\/#website","url":"https:\/\/test.pallettrading.hu\/","name":"Pallet Trading Kft","description":"","publisher":{"@id":"https:\/\/test.pallettrading.hu\/#organization"},"potentialAction":[{"@type":"SearchAction","target":{"@type":"EntryPoint","urlTemplate":"https:\/\/test.pallettrading.hu\/?s={search_term_string}"},"query-input":"required name=search_term_string"}],"inLanguage":"en-US"},{"@type":"Organization","@id":"https:\/\/test.pallettrading.hu\/#organization","name":"Pallet Trading Kft","url":"https:\/\/test.pallettrading.hu\/","logo":{"@type":"ImageObject","inLanguage":"en-US","@id":"https:\/\/test.pallettrading.hu\/#\/schema\/logo\/image\/","url":"https:\/\/test.pallettrading.hu\/wp-content\/uploads\/2023\/03\/Logo-1.png","contentUrl":"https:\/\/test.pallettrading.hu\/wp-content\/uploads\/2023\/03\/Logo-1.png","width":77,"height":69,"caption":"Pallet Trading Kft"},"image":{"@id":"https:\/\/test.pallettrading.hu\/#\/schema\/logo\/image\/"}}]}},"_links":{"self":[{"href":"https:\/\/test.pallettrading.hu\/en\/wp-json\/wp\/v2\/pages\/108","targetHints":{"allow":["GET"]}}],"collection":[{"href":"https:\/\/test.pallettrading.hu\/en\/wp-json\/wp\/v2\/pages"}],"about":[{"href":"https:\/\/test.pallettrading.hu\/en\/wp-json\/wp\/v2\/types\/page"}],"author":[{"embeddable":true,"href":"https:\/\/test.pallettrading.hu\/en\/wp-json\/wp\/v2\/users\/1"}],"replies":[{"embeddable":true,"href":"https:\/\/test.pallettrading.hu\/en\/wp-json\/wp\/v2\/comments?post=108"}],"version-history":[{"count":10,"href":"https:\/\/test.pallettrading.hu\/en\/wp-json\/wp\/v2\/pages\/108\/revisions"}],"predecessor-version":[{"id":490,"href":"https:\/\/test.pallettrading.hu\/en\/wp-json\/wp\/v2\/pages\/108\/revisions\/490"}],"wp:attachment":[{"href":"https:\/\/test.pallettrading.hu\/en\/wp-json\/wp\/v2\/media?parent=108"}],"curies":[{"name":"wp","href":"https:\/\/api.w.org\/{rel}","templated":true}]}}