{"id":112,"date":"2023-03-08T12:17:28","date_gmt":"2023-03-08T12:17:28","guid":{"rendered":"https:\/\/test.pallettrading.hu\/?page_id=112"},"modified":"2023-03-22T13:20:29","modified_gmt":"2023-03-22T13:20:29","slug":"knowledgebase","status":"publish","type":"page","link":"https:\/\/test.pallettrading.hu\/en\/knowledgebase\/","title":{"rendered":"Knowledgebase"},"content":{"rendered":"<div data-elementor-type=\"wp-page\" data-elementor-id=\"112\" class=\"elementor elementor-112\">\n\t\t\t\t\t\t\t\t\t<section class=\"elementor-section elementor-top-section elementor-element elementor-element-5019360 elementor-section-height-full elementor-section-items-top elementor-section-boxed elementor-section-height-default\" data-id=\"5019360\" data-element_type=\"section\">\n\t\t\t\t\t\t<div class=\"elementor-container elementor-column-gap-default\">\n\t\t\t\t\t<div class=\"elementor-column elementor-col-100 elementor-top-column elementor-element elementor-element-4f38019\" data-id=\"4f38019\" data-element_type=\"column\">\n\t\t\t<div class=\"elementor-widget-wrap elementor-element-populated\">\n\t\t\t\t\t\t\t\t<div class=\"elementor-element elementor-element-d9fee71 premium-blog-align-left elementor-widget elementor-widget-premium-addon-blog\" data-id=\"d9fee71\" data-element_type=\"widget\" data-widget_type=\"premium-addon-blog.default\">\n\t\t\t\t<div class=\"elementor-widget-container\">\n\t\t\t\r\n\t\t\t\t<div class=\"premium-blog-wrap  premium-blog-list\" data-page=\"112\">\r\n\t\t\t\t\t<div class=\"premium-blog-post-outer-container\" data-total=\"1\">\r\n\t\t\t<div class=\"premium-blog-post-container premium-blog-skin-modern\">\r\n\t\t\t\t\t\t\t\t\t\t\t\t<div class=\"premium-blog-content-wrapper empty-thumb\">\r\n\r\n\t\t\t\t\t<div class=\"premium-blog-inner-container\">\r\n\r\n\t\t\t\t\t\t\t\t\t\t\t\t\t\t<h2 class=\"premium-blog-entry-title\">\r\n\t\t\t<a href=\"https:\/\/test.pallettrading.hu\/en\/eur-epal-raklap-meretei-keppel-szemleltetve\/\" target=\"_blank\">\r\n\t\t\t\tEUR\/EPAL Pallet Dimensions\t\t\t<\/a>\r\n\t\t<\/h2>\r\n\t\t\t\t<div class=\"premium-blog-entry-meta\">\r\n\t\t\t\r\n\t\t\t\t\t\t\t<span class=\"premium-blog-meta-separator\">\u2022<\/span>\r\n\t\t\t\t<div class=\"premium-blog-post-time premium-blog-meta-data\">\r\n\t\t\t\t\t<i class=\"fa fa-clock-o\" aria-hidden=\"true\"><\/i>\r\n\t\t\t\t\t<span>March 20, 2023<\/span>\r\n\t\t\t\t<\/div>\r\n\t\t\t\r\n\t\t\t\r\n\t\t\t\t\t<\/div>\r\n\t\t\r\n\t\t\t\t\t<\/div>\r\n\r\n\t\t\t\t\t<p class=\"premium-blog-post-content\">EUR\/EPAL Pallet Dimensions<\/p><div class=\"premium-blog-excerpt-link-wrap\"><a href=\"https:\/\/test.pallettrading.hu\/en\/eur-epal-raklap-meretei-keppel-szemleltetve\/\" target=\"_blank\" class=\"premium-blog-excerpt-link elementor-button\">Read more...<\/a><\/div>\t\t\t\t\t\r\n\t\t\t\t<\/div>\r\n\t\t\t<\/div>\r\n\t\t<\/div>\r\n\r\n\t\t\t\t<div class=\"premium-blog-post-outer-container\" data-total=\"1\">\r\n\t\t\t<div class=\"premium-blog-post-container premium-blog-skin-modern\">\r\n\t\t\t\t\t\t\t\t\t\t\t\t<div class=\"premium-blog-content-wrapper empty-thumb\">\r\n\r\n\t\t\t\t\t<div class=\"premium-blog-inner-container\">\r\n\r\n\t\t\t\t\t\t\t\t\t\t\t\t\t\t<h2 class=\"premium-blog-entry-title\">\r\n\t\t\t<a href=\"https:\/\/test.pallettrading.hu\/en\/eur-epal-raklap-tortenelme\/\" target=\"_blank\">\r\n\t\t\t\tEUR\/EPAL Pallet History\t\t\t<\/a>\r\n\t\t<\/h2>\r\n\t\t\t\t<div class=\"premium-blog-entry-meta\">\r\n\t\t\t\r\n\t\t\t\t\t\t\t<span class=\"premium-blog-meta-separator\">\u2022<\/span>\r\n\t\t\t\t<div class=\"premium-blog-post-time premium-blog-meta-data\">\r\n\t\t\t\t\t<i class=\"fa fa-clock-o\" aria-hidden=\"true\"><\/i>\r\n\t\t\t\t\t<span>March 20, 2023<\/span>\r\n\t\t\t\t<\/div>\r\n\t\t\t\r\n\t\t\t\r\n\t\t\t\t\t<\/div>\r\n\t\t\r\n\t\t\t\t\t<\/div>\r\n\r\n\t\t\t\t\t<p class=\"premium-blog-post-content\">The Euro-pallet dates back to the wooden pallets used in railway transport. In 1961 the European railways [...]<\/p><div class=\"premium-blog-excerpt-link-wrap\"><a href=\"https:\/\/test.pallettrading.hu\/en\/eur-epal-raklap-tortenelme\/\" target=\"_blank\" class=\"premium-blog-excerpt-link elementor-button\">Read more...<\/a><\/div>\t\t\t\t\t\r\n\t\t\t\t<\/div>\r\n\t\t\t<\/div>\r\n\t\t<\/div>\r\n\r\n\t\t\t\t<div class=\"premium-blog-post-outer-container\" data-total=\"1\">\r\n\t\t\t<div class=\"premium-blog-post-container premium-blog-skin-modern\">\r\n\t\t\t\t\t\t\t\t\t\t\t\t<div class=\"premium-blog-content-wrapper empty-thumb\">\r\n\r\n\t\t\t\t\t<div class=\"premium-blog-inner-container\">\r\n\r\n\t\t\t\t\t\t\t\t\t\t\t\t\t\t<h2 class=\"premium-blog-entry-title\">\r\n\t\t\t<a href=\"https:\/\/test.pallettrading.hu\/en\/eur-epal-raklap-tulajdonsagai\/\" target=\"_blank\">\r\n\t\t\t\tEUR\/EPAL Pallet Specifications\t\t\t<\/a>\r\n\t\t<\/h2>\r\n\t\t\t\t<div class=\"premium-blog-entry-meta\">\r\n\t\t\t\r\n\t\t\t\t\t\t\t<span class=\"premium-blog-meta-separator\">\u2022<\/span>\r\n\t\t\t\t<div class=\"premium-blog-post-time premium-blog-meta-data\">\r\n\t\t\t\t\t<i class=\"fa fa-clock-o\" aria-hidden=\"true\"><\/i>\r\n\t\t\t\t\t<span>February 27, 2023<\/span>\r\n\t\t\t\t<\/div>\r\n\t\t\t\r\n\t\t\t\r\n\t\t\t\t\t<\/div>\r\n\t\t\r\n\t\t\t\t\t<\/div>\r\n\r\n\t\t\t\t\t<p class=\"premium-blog-post-content\">The EUR-pallet, also known as Euro-pallet or EPAL-pallet, is the standard European pallet as specified by the UIC pallet working group and the UIC 435-2 leaflet [...]<\/p><div class=\"premium-blog-excerpt-link-wrap\"><a href=\"https:\/\/test.pallettrading.hu\/en\/eur-epal-raklap-tulajdonsagai\/\" target=\"_blank\" class=\"premium-blog-excerpt-link elementor-button\">Read more...<\/a><\/div>\t\t\t\t\t\r\n\t\t\t\t<\/div>\r\n\t\t\t<\/div>\r\n\t\t<\/div>\r\n\r\n\t\t\t\t<\/div>\r\n\r\n\t\t\t\t<\/div>\n\t\t\t\t<\/div>\n\t\t\t\t\t<\/div>\n\t\t<\/div>\n\t\t\t\t\t\t\t<\/div>\n\t\t<\/section>\n\t\t\t\t\t\t\t<\/div>","protected":false},"excerpt":{"rendered":"<p>EUR\/EPAL Raklap M\u00e9retei K\u00e9ppel Szeml\u00e9ltetve\u200b \u2022 March 20, 2023 EUR\/EPAL Raklap M\u00e9retei K\u00e9ppel Szeml\u00e9ltetve Olvasd tov\u00e1bb&#8230; EUR\/EPAL Raklap T\u00f6rt\u00e9nelme \u2022 March 20, [&hellip;]<\/p>","protected":false},"author":1,"featured_media":0,"parent":0,"menu_order":0,"comment_status":"closed","ping_status":"closed","template":"elementor_header_footer","meta":{"footnotes":""},"class_list":["post-112","page","type-page","status-publish","hentry"],"yoast_head":"<!-- This site is optimized with the Yoast SEO plugin v20.3 - https:\/\/yoast.com\/wordpress\/plugins\/seo\/ -->\n<title>Knowledgebase - Pallet Trading Kft<\/title>\n<meta name=\"robots\" content=\"noindex, follow, max-snippet:-1, max-image-preview:large, max-video-preview:-1\" \/>\n<meta property=\"og:locale\" content=\"en_US\" \/>\n<meta property=\"og:type\" content=\"article\" \/>\n<meta property=\"og:title\" content=\"Knowledgebase - Pallet Trading Kft\" \/>\n<meta property=\"og:description\" content=\"EUR\/EPAL Raklap M\u00e9retei K\u00e9ppel Szeml\u00e9ltetve\u200b \u2022 March 20, 2023 EUR\/EPAL Raklap M\u00e9retei K\u00e9ppel Szeml\u00e9ltetve Olvasd tov\u00e1bb&#8230; EUR\/EPAL Raklap T\u00f6rt\u00e9nelme \u2022 March 20, [&hellip;]\" \/>\n<meta property=\"og:url\" content=\"https:\/\/test.pallettrading.hu\/en\/knowledgebase\/\" \/>\n<meta property=\"og:site_name\" content=\"Pallet Trading Kft\" \/>\n<meta property=\"article:modified_time\" content=\"2023-03-22T13:20:29+00:00\" \/>\n<meta name=\"twitter:card\" content=\"summary_large_image\" \/>\n<meta name=\"twitter:label1\" content=\"Est. reading time\" \/>\n\t<meta name=\"twitter:data1\" content=\"1 minute\" \/>\n<script type=\"application\/ld+json\" class=\"yoast-schema-graph\">{\"@context\":\"https:\/\/schema.org\",\"@graph\":[{\"@type\":\"WebPage\",\"@id\":\"https:\/\/test.pallettrading.hu\/knowledgebase\/\",\"url\":\"https:\/\/test.pallettrading.hu\/knowledgebase\/\",\"name\":\"Knowledgebase - Pallet Trading Kft\",\"isPartOf\":{\"@id\":\"https:\/\/test.pallettrading.hu\/#website\"},\"datePublished\":\"2023-03-08T12:17:28+00:00\",\"dateModified\":\"2023-03-22T13:20:29+00:00\",\"breadcrumb\":{\"@id\":\"https:\/\/test.pallettrading.hu\/knowledgebase\/#breadcrumb\"},\"inLanguage\":\"en-US\",\"potentialAction\":[{\"@type\":\"ReadAction\",\"target\":[\"https:\/\/test.pallettrading.hu\/knowledgebase\/\"]}]},{\"@type\":\"BreadcrumbList\",\"@id\":\"https:\/\/test.pallettrading.hu\/knowledgebase\/#breadcrumb\",\"itemListElement\":[{\"@type\":\"ListItem\",\"position\":1,\"name\":\"Home\",\"item\":\"https:\/\/test.pallettrading.hu\/\"},{\"@type\":\"ListItem\",\"position\":2,\"name\":\"Knowledgebase\"}]},{\"@type\":\"WebSite\",\"@id\":\"https:\/\/test.pallettrading.hu\/#website\",\"url\":\"https:\/\/test.pallettrading.hu\/\",\"name\":\"Pallet Trading Kft\",\"description\":\"\",\"publisher\":{\"@id\":\"https:\/\/test.pallettrading.hu\/#organization\"},\"potentialAction\":[{\"@type\":\"SearchAction\",\"target\":{\"@type\":\"EntryPoint\",\"urlTemplate\":\"https:\/\/test.pallettrading.hu\/?s={search_term_string}\"},\"query-input\":\"required name=search_term_string\"}],\"inLanguage\":\"en-US\"},{\"@type\":\"Organization\",\"@id\":\"https:\/\/test.pallettrading.hu\/#organization\",\"name\":\"Pallet Trading Kft\",\"url\":\"https:\/\/test.pallettrading.hu\/\",\"logo\":{\"@type\":\"ImageObject\",\"inLanguage\":\"en-US\",\"@id\":\"https:\/\/test.pallettrading.hu\/#\/schema\/logo\/image\/\",\"url\":\"https:\/\/test.pallettrading.hu\/wp-content\/uploads\/2023\/03\/Logo-1.png\",\"contentUrl\":\"https:\/\/test.pallettrading.hu\/wp-content\/uploads\/2023\/03\/Logo-1.png\",\"width\":77,\"height\":69,\"caption\":\"Pallet Trading Kft\"},\"image\":{\"@id\":\"https:\/\/test.pallettrading.hu\/#\/schema\/logo\/image\/\"}}]}<\/script>\n<!-- \/ Yoast SEO plugin. -->","yoast_head_json":{"title":"Knowledgebase - Pallet Trading Kft","robots":{"index":"noindex","follow":"follow","max-snippet":"max-snippet:-1","max-image-preview":"max-image-preview:large","max-video-preview":"max-video-preview:-1"},"og_locale":"en_US","og_type":"article","og_title":"Knowledgebase - Pallet Trading Kft","og_description":"EUR\/EPAL Raklap M\u00e9retei K\u00e9ppel Szeml\u00e9ltetve\u200b \u2022 March 20, 2023 EUR\/EPAL Raklap M\u00e9retei K\u00e9ppel Szeml\u00e9ltetve Olvasd tov\u00e1bb&#8230; EUR\/EPAL Raklap T\u00f6rt\u00e9nelme \u2022 March 20, [&hellip;]","og_url":"https:\/\/test.pallettrading.hu\/en\/knowledgebase\/","og_site_name":"Pallet Trading Kft","article_modified_time":"2023-03-22T13:20:29+00:00","twitter_card":"summary_large_image","twitter_misc":{"Est. reading time":"1 minute"},"schema":{"@context":"https:\/\/schema.org","@graph":[{"@type":"WebPage","@id":"https:\/\/test.pallettrading.hu\/knowledgebase\/","url":"https:\/\/test.pallettrading.hu\/knowledgebase\/","name":"Knowledgebase - Pallet Trading Kft","isPartOf":{"@id":"https:\/\/test.pallettrading.hu\/#website"},"datePublished":"2023-03-08T12:17:28+00:00","dateModified":"2023-03-22T13:20:29+00:00","breadcrumb":{"@id":"https:\/\/test.pallettrading.hu\/knowledgebase\/#breadcrumb"},"inLanguage":"en-US","potentialAction":[{"@type":"ReadAction","target":["https:\/\/test.pallettrading.hu\/knowledgebase\/"]}]},{"@type":"BreadcrumbList","@id":"https:\/\/test.pallettrading.hu\/knowledgebase\/#breadcrumb","itemListElement":[{"@type":"ListItem","position":1,"name":"Home","item":"https:\/\/test.pallettrading.hu\/"},{"@type":"ListItem","position":2,"name":"Knowledgebase"}]},{"@type":"WebSite","@id":"https:\/\/test.pallettrading.hu\/#website","url":"https:\/\/test.pallettrading.hu\/","name":"Pallet Trading Kft","description":"","publisher":{"@id":"https:\/\/test.pallettrading.hu\/#organization"},"potentialAction":[{"@type":"SearchAction","target":{"@type":"EntryPoint","urlTemplate":"https:\/\/test.pallettrading.hu\/?s={search_term_string}"},"query-input":"required name=search_term_string"}],"inLanguage":"en-US"},{"@type":"Organization","@id":"https:\/\/test.pallettrading.hu\/#organization","name":"Pallet Trading Kft","url":"https:\/\/test.pallettrading.hu\/","logo":{"@type":"ImageObject","inLanguage":"en-US","@id":"https:\/\/test.pallettrading.hu\/#\/schema\/logo\/image\/","url":"https:\/\/test.pallettrading.hu\/wp-content\/uploads\/2023\/03\/Logo-1.png","contentUrl":"https:\/\/test.pallettrading.hu\/wp-content\/uploads\/2023\/03\/Logo-1.png","width":77,"height":69,"caption":"Pallet Trading Kft"},"image":{"@id":"https:\/\/test.pallettrading.hu\/#\/schema\/logo\/image\/"}}]}},"_links":{"self":[{"href":"https:\/\/test.pallettrading.hu\/en\/wp-json\/wp\/v2\/pages\/112","targetHints":{"allow":["GET"]}}],"collection":[{"href":"https:\/\/test.pallettrading.hu\/en\/wp-json\/wp\/v2\/pages"}],"about":[{"href":"https:\/\/test.pallettrading.hu\/en\/wp-json\/wp\/v2\/types\/page"}],"author":[{"embeddable":true,"href":"https:\/\/test.pallettrading.hu\/en\/wp-json\/wp\/v2\/users\/1"}],"replies":[{"embeddable":true,"href":"https:\/\/test.pallettrading.hu\/en\/wp-json\/wp\/v2\/comments?post=112"}],"version-history":[{"count":16,"href":"https:\/\/test.pallettrading.hu\/en\/wp-json\/wp\/v2\/pages\/112\/revisions"}],"predecessor-version":[{"id":734,"href":"https:\/\/test.pallettrading.hu\/en\/wp-json\/wp\/v2\/pages\/112\/revisions\/734"}],"wp:attachment":[{"href":"https:\/\/test.pallettrading.hu\/en\/wp-json\/wp\/v2\/media?parent=112"}],"curies":[{"name":"wp","href":"https:\/\/api.w.org\/{rel}","templated":true}]}}