{"id":114,"date":"2023-03-08T12:17:56","date_gmt":"2023-03-08T12:17:56","guid":{"rendered":"https:\/\/test.pallettrading.hu\/?page_id=114"},"modified":"2023-03-22T12:42:30","modified_gmt":"2023-03-22T12:42:30","slug":"contact","status":"publish","type":"page","link":"https:\/\/test.pallettrading.hu\/en\/contact\/","title":{"rendered":"Contact"},"content":{"rendered":"<div data-elementor-type=\"wp-page\" data-elementor-id=\"114\" class=\"elementor elementor-114\">\n\t\t\t\t\t\t\t\t\t<section class=\"elementor-section elementor-top-section elementor-element elementor-element-0e7ec66 elementor-section-boxed elementor-section-height-default elementor-section-height-default\" data-id=\"0e7ec66\" data-element_type=\"section\">\n\t\t\t\t\t\t<div class=\"elementor-container elementor-column-gap-default\">\n\t\t\t\t\t<div class=\"elementor-column elementor-col-16 elementor-top-column elementor-element elementor-element-f7a841d\" data-id=\"f7a841d\" data-element_type=\"column\">\n\t\t\t<div class=\"elementor-widget-wrap\">\n\t\t\t\t\t\t\t\t\t<\/div>\n\t\t<\/div>\n\t\t\t\t<div class=\"elementor-column elementor-col-66 elementor-top-column elementor-element elementor-element-d8dc17b\" data-id=\"d8dc17b\" data-element_type=\"column\">\n\t\t\t<div class=\"elementor-widget-wrap elementor-element-populated\">\n\t\t\t\t\t\t\t\t<div class=\"elementor-element elementor-element-0e9a927 elementor-widget elementor-widget-text-editor\" data-id=\"0e9a927\" data-element_type=\"widget\" data-widget_type=\"text-editor.default\">\n\t\t\t\t<div class=\"elementor-widget-container\">\n\t\t\t<style>\/*! elementor - v3.11.5 - 14-03-2023 *\/\n.elementor-widget-text-editor.elementor-drop-cap-view-stacked .elementor-drop-cap{background-color:#818a91;color:#fff}.elementor-widget-text-editor.elementor-drop-cap-view-framed .elementor-drop-cap{color:#818a91;border:3px solid;background-color:transparent}.elementor-widget-text-editor:not(.elementor-drop-cap-view-default) .elementor-drop-cap{margin-top:8px}.elementor-widget-text-editor:not(.elementor-drop-cap-view-default) .elementor-drop-cap-letter{width:1em;height:1em}.elementor-widget-text-editor .elementor-drop-cap{float:left;text-align:center;line-height:1;font-size:50px}.elementor-widget-text-editor .elementor-drop-cap-letter{display:inline-block}<\/style>\t\t\t\t<p>Vedd f\u00f6l vel\u00fcnk a kapcsolatot az al\u00e1bbi el\u00e9rhet\u0151s\u00e9geken:<\/p><ul><li><strong>Tel:<\/strong> +36 30 736 5253<\/li><li><strong>E-mail:<\/strong> info@pallettrading.hu<\/li><li><strong>Sz\u00e9khely:<\/strong> 1134 Budapest. V\u00e1ci \u00fat 47\/b \u00fc-1<\/li><li><strong>Logisztikai k\u00f6zpont:<\/strong>\u00a01194 Budapest, M\u00e9ta u. 31<\/li><\/ul>\t\t\t\t\t\t<\/div>\n\t\t\t\t<\/div>\n\t\t\t\t<div class=\"elementor-element elementor-element-c9be6a1 elementor-widget elementor-widget-shortcode\" data-id=\"c9be6a1\" data-element_type=\"widget\" data-widget_type=\"shortcode.default\">\n\t\t\t\t<div class=\"elementor-widget-container\">\n\t\t\t\t\t<div class=\"elementor-shortcode\"><div class=\"wpforms-container wpforms-container-full\" id=\"wpforms-720\"><form id=\"wpforms-form-720\" class=\"wpforms-validate wpforms-form wpforms-ajax-form\" data-formid=\"720\" method=\"post\" enctype=\"multipart\/form-data\" action=\"\/en\/wp-json\/wp\/v2\/pages\/114\" data-token=\"8878881f04b992df7ef44a84f73bb94d\" data-trp-original-action=\"\/en\/wp-json\/wp\/v2\/pages\/114\"><noscript class=\"wpforms-error-noscript\">Please enable JavaScript in your browser to complete this form.<\/noscript><div class=\"wpforms-field-container\"><div id=\"wpforms-720-field_0-container\" class=\"wpforms-field wpforms-field-name\" data-field-id=\"0\"><label class=\"wpforms-field-label\" for=\"wpforms-720-field_0\">N\u00e9v <span class=\"wpforms-required-label\">*<\/span><\/label><input type=\"text\" id=\"wpforms-720-field_0\" class=\"wpforms-field-medium wpforms-field-required\" name=\"wpforms[fields][0]\" required><\/div><div id=\"wpforms-720-field_1-container\" class=\"wpforms-field wpforms-field-email\" data-field-id=\"1\"><label class=\"wpforms-field-label\" for=\"wpforms-720-field_1\">E-mail <span class=\"wpforms-required-label\">*<\/span><\/label><input type=\"email\" id=\"wpforms-720-field_1\" class=\"wpforms-field-medium wpforms-field-required\" name=\"wpforms[fields][1]\" required><\/div><div id=\"wpforms-720-field_5-container\" class=\"wpforms-field wpforms-field-text\" data-field-id=\"5\"><label class=\"wpforms-field-label\" for=\"wpforms-720-field_5\">C\u00e9g<\/label><input type=\"text\" id=\"wpforms-720-field_5\" class=\"wpforms-field-medium\" name=\"wpforms[fields][5]\" ><\/div><div id=\"wpforms-720-field_4-container\" class=\"wpforms-field wpforms-field-number\" data-field-id=\"4\"><label class=\"wpforms-field-label\" for=\"wpforms-720-field_4\">Telefonsz\u00e1m<\/label><input type=\"number\" pattern=\"\\d*\" id=\"wpforms-720-field_4\" class=\"wpforms-field-medium\" name=\"wpforms[fields][4]\" ><\/div><div id=\"wpforms-720-field_2-container\" class=\"wpforms-field wpforms-field-textarea\" data-field-id=\"2\"><label class=\"wpforms-field-label\" for=\"wpforms-720-field_2\">\u00dczenet<\/label><textarea id=\"wpforms-720-field_2\" class=\"wpforms-field-medium\" name=\"wpforms[fields][2]\" ><\/textarea><\/div><\/div><div class=\"wpforms-submit-container\"><input type=\"hidden\" name=\"wpforms[id]\" value=\"720\"><input type=\"hidden\" name=\"wpforms[author]\" value=\"1\"><button type=\"submit\" name=\"wpforms[submit]\" id=\"wpforms-submit-720\" class=\"wpforms-submit\" data-alt-text=\"\u00daton...\" data-submit-text=\"K\u00fcld\u00e9s\" aria-live=\"assertive\" value=\"wpforms-submit\">K\u00fcld\u00e9s<\/button><img loading=\"lazy\" decoding=\"async\" src=\"https:\/\/test.pallettrading.hu\/wp-content\/plugins\/wpforms-lite\/assets\/images\/submit-spin.svg\" class=\"wpforms-submit-spinner\" style=\"display: none;\" width=\"26\" height=\"26\" alt=\"Loading\"><\/div><input type=\"hidden\" name=\"trp-form-language\" value=\"en\"\/><\/form><\/div>  <!-- .wpforms-container --><\/div>\n\t\t\t\t<\/div>\n\t\t\t\t<\/div>\n\t\t\t\t<div class=\"elementor-element elementor-element-edeb1a1 elementor-widget elementor-widget-google_maps\" data-id=\"edeb1a1\" data-element_type=\"widget\" data-widget_type=\"google_maps.default\">\n\t\t\t\t<div class=\"elementor-widget-container\">\n\t\t\t<style>\/*! elementor - v3.11.5 - 14-03-2023 *\/\n.elementor-widget-google_maps .elementor-widget-container{overflow:hidden}.elementor-widget-google_maps .elementor-custom-embed{line-height:0}.elementor-widget-google_maps iframe{height:300px}<\/style>\t\t<div class=\"elementor-custom-embed\">\n\t\t\t<iframe loading=\"lazy\"\n\t\t\t\t\tsrc=\"https:\/\/maps.google.com\/maps?q=1194%20Budapest%2C%20M%C3%A9ta%20u.%2031&#038;t=m&#038;z=11&#038;output=embed&#038;iwloc=near\"\n\t\t\t\t\ttitle=\"1194 Budapest, M\u00e9ta u. 31\"\n\t\t\t\t\taria-label=\"1194 Budapest, M\u00e9ta u. 31\"\n\t\t\t><\/iframe>\n\t\t<\/div>\n\t\t\t\t<\/div>\n\t\t\t\t<\/div>\n\t\t\t\t\t<\/div>\n\t\t<\/div>\n\t\t\t\t<div class=\"elementor-column elementor-col-16 elementor-top-column elementor-element elementor-element-626946a\" data-id=\"626946a\" data-element_type=\"column\">\n\t\t\t<div class=\"elementor-widget-wrap\">\n\t\t\t\t\t\t\t\t\t<\/div>\n\t\t<\/div>\n\t\t\t\t\t\t\t<\/div>\n\t\t<\/section>\n\t\t\t\t\t\t\t<\/div>","protected":false},"excerpt":{"rendered":"<p>Vedd f\u00f6l vel\u00fcnk a kapcsolatot az al\u00e1bbi el\u00e9rhet\u0151s\u00e9geken: Tel: +36 30 736 5253 E-mail: info@pallettrading.hu Sz\u00e9khely: 1134 Budapest. V\u00e1ci \u00fat 47\/b \u00fc-1 [&hellip;]<\/p>","protected":false},"author":1,"featured_media":0,"parent":0,"menu_order":0,"comment_status":"closed","ping_status":"closed","template":"elementor_header_footer","meta":{"footnotes":""},"class_list":["post-114","page","type-page","status-publish","hentry"],"yoast_head":"<!-- This site is optimized with the Yoast SEO plugin v20.3 - https:\/\/yoast.com\/wordpress\/plugins\/seo\/ -->\n<title>Contact - Pallet Trading Kft<\/title>\n<meta name=\"robots\" content=\"noindex, follow, max-snippet:-1, max-image-preview:large, max-video-preview:-1\" \/>\n<meta property=\"og:locale\" content=\"en_US\" \/>\n<meta property=\"og:type\" content=\"article\" \/>\n<meta property=\"og:title\" content=\"Contact - Pallet Trading Kft\" \/>\n<meta property=\"og:description\" content=\"Vedd f\u00f6l vel\u00fcnk a kapcsolatot az al\u00e1bbi el\u00e9rhet\u0151s\u00e9geken: Tel: +36 30 736 5253 E-mail: info@pallettrading.hu Sz\u00e9khely: 1134 Budapest. V\u00e1ci \u00fat 47\/b \u00fc-1 [&hellip;]\" \/>\n<meta property=\"og:url\" content=\"https:\/\/test.pallettrading.hu\/en\/contact\/\" \/>\n<meta property=\"og:site_name\" content=\"Pallet Trading Kft\" \/>\n<meta property=\"article:modified_time\" content=\"2023-03-22T12:42:30+00:00\" \/>\n<meta name=\"twitter:card\" content=\"summary_large_image\" \/>\n<script type=\"application\/ld+json\" class=\"yoast-schema-graph\">{\"@context\":\"https:\/\/schema.org\",\"@graph\":[{\"@type\":\"WebPage\",\"@id\":\"https:\/\/test.pallettrading.hu\/contact\/\",\"url\":\"https:\/\/test.pallettrading.hu\/contact\/\",\"name\":\"Contact - Pallet Trading Kft\",\"isPartOf\":{\"@id\":\"https:\/\/test.pallettrading.hu\/#website\"},\"datePublished\":\"2023-03-08T12:17:56+00:00\",\"dateModified\":\"2023-03-22T12:42:30+00:00\",\"breadcrumb\":{\"@id\":\"https:\/\/test.pallettrading.hu\/contact\/#breadcrumb\"},\"inLanguage\":\"en-US\",\"potentialAction\":[{\"@type\":\"ReadAction\",\"target\":[\"https:\/\/test.pallettrading.hu\/contact\/\"]}]},{\"@type\":\"BreadcrumbList\",\"@id\":\"https:\/\/test.pallettrading.hu\/contact\/#breadcrumb\",\"itemListElement\":[{\"@type\":\"ListItem\",\"position\":1,\"name\":\"Home\",\"item\":\"https:\/\/test.pallettrading.hu\/\"},{\"@type\":\"ListItem\",\"position\":2,\"name\":\"Contact\"}]},{\"@type\":\"WebSite\",\"@id\":\"https:\/\/test.pallettrading.hu\/#website\",\"url\":\"https:\/\/test.pallettrading.hu\/\",\"name\":\"Pallet Trading Kft\",\"description\":\"\",\"publisher\":{\"@id\":\"https:\/\/test.pallettrading.hu\/#organization\"},\"potentialAction\":[{\"@type\":\"SearchAction\",\"target\":{\"@type\":\"EntryPoint\",\"urlTemplate\":\"https:\/\/test.pallettrading.hu\/?s={search_term_string}\"},\"query-input\":\"required name=search_term_string\"}],\"inLanguage\":\"en-US\"},{\"@type\":\"Organization\",\"@id\":\"https:\/\/test.pallettrading.hu\/#organization\",\"name\":\"Pallet Trading Kft\",\"url\":\"https:\/\/test.pallettrading.hu\/\",\"logo\":{\"@type\":\"ImageObject\",\"inLanguage\":\"en-US\",\"@id\":\"https:\/\/test.pallettrading.hu\/#\/schema\/logo\/image\/\",\"url\":\"https:\/\/test.pallettrading.hu\/wp-content\/uploads\/2023\/03\/Logo-1.png\",\"contentUrl\":\"https:\/\/test.pallettrading.hu\/wp-content\/uploads\/2023\/03\/Logo-1.png\",\"width\":77,\"height\":69,\"caption\":\"Pallet Trading Kft\"},\"image\":{\"@id\":\"https:\/\/test.pallettrading.hu\/#\/schema\/logo\/image\/\"}}]}<\/script>\n<!-- \/ Yoast SEO plugin. -->","yoast_head_json":{"title":"Contact - Pallet Trading Kft","robots":{"index":"noindex","follow":"follow","max-snippet":"max-snippet:-1","max-image-preview":"max-image-preview:large","max-video-preview":"max-video-preview:-1"},"og_locale":"en_US","og_type":"article","og_title":"Contact - Pallet Trading Kft","og_description":"Vedd f\u00f6l vel\u00fcnk a kapcsolatot az al\u00e1bbi el\u00e9rhet\u0151s\u00e9geken: Tel: +36 30 736 5253 E-mail: info@pallettrading.hu Sz\u00e9khely: 1134 Budapest. V\u00e1ci \u00fat 47\/b \u00fc-1 [&hellip;]","og_url":"https:\/\/test.pallettrading.hu\/en\/contact\/","og_site_name":"Pallet Trading Kft","article_modified_time":"2023-03-22T12:42:30+00:00","twitter_card":"summary_large_image","schema":{"@context":"https:\/\/schema.org","@graph":[{"@type":"WebPage","@id":"https:\/\/test.pallettrading.hu\/contact\/","url":"https:\/\/test.pallettrading.hu\/contact\/","name":"Contact - Pallet Trading Kft","isPartOf":{"@id":"https:\/\/test.pallettrading.hu\/#website"},"datePublished":"2023-03-08T12:17:56+00:00","dateModified":"2023-03-22T12:42:30+00:00","breadcrumb":{"@id":"https:\/\/test.pallettrading.hu\/contact\/#breadcrumb"},"inLanguage":"en-US","potentialAction":[{"@type":"ReadAction","target":["https:\/\/test.pallettrading.hu\/contact\/"]}]},{"@type":"BreadcrumbList","@id":"https:\/\/test.pallettrading.hu\/contact\/#breadcrumb","itemListElement":[{"@type":"ListItem","position":1,"name":"Home","item":"https:\/\/test.pallettrading.hu\/"},{"@type":"ListItem","position":2,"name":"Contact"}]},{"@type":"WebSite","@id":"https:\/\/test.pallettrading.hu\/#website","url":"https:\/\/test.pallettrading.hu\/","name":"Pallet Trading Kft","description":"","publisher":{"@id":"https:\/\/test.pallettrading.hu\/#organization"},"potentialAction":[{"@type":"SearchAction","target":{"@type":"EntryPoint","urlTemplate":"https:\/\/test.pallettrading.hu\/?s={search_term_string}"},"query-input":"required name=search_term_string"}],"inLanguage":"en-US"},{"@type":"Organization","@id":"https:\/\/test.pallettrading.hu\/#organization","name":"Pallet Trading Kft","url":"https:\/\/test.pallettrading.hu\/","logo":{"@type":"ImageObject","inLanguage":"en-US","@id":"https:\/\/test.pallettrading.hu\/#\/schema\/logo\/image\/","url":"https:\/\/test.pallettrading.hu\/wp-content\/uploads\/2023\/03\/Logo-1.png","contentUrl":"https:\/\/test.pallettrading.hu\/wp-content\/uploads\/2023\/03\/Logo-1.png","width":77,"height":69,"caption":"Pallet Trading Kft"},"image":{"@id":"https:\/\/test.pallettrading.hu\/#\/schema\/logo\/image\/"}}]}},"_links":{"self":[{"href":"https:\/\/test.pallettrading.hu\/en\/wp-json\/wp\/v2\/pages\/114","targetHints":{"allow":["GET"]}}],"collection":[{"href":"https:\/\/test.pallettrading.hu\/en\/wp-json\/wp\/v2\/pages"}],"about":[{"href":"https:\/\/test.pallettrading.hu\/en\/wp-json\/wp\/v2\/types\/page"}],"author":[{"embeddable":true,"href":"https:\/\/test.pallettrading.hu\/en\/wp-json\/wp\/v2\/users\/1"}],"replies":[{"embeddable":true,"href":"https:\/\/test.pallettrading.hu\/en\/wp-json\/wp\/v2\/comments?post=114"}],"version-history":[{"count":31,"href":"https:\/\/test.pallettrading.hu\/en\/wp-json\/wp\/v2\/pages\/114\/revisions"}],"predecessor-version":[{"id":725,"href":"https:\/\/test.pallettrading.hu\/en\/wp-json\/wp\/v2\/pages\/114\/revisions\/725"}],"wp:attachment":[{"href":"https:\/\/test.pallettrading.hu\/en\/wp-json\/wp\/v2\/media?parent=114"}],"curies":[{"name":"wp","href":"https:\/\/api.w.org\/{rel}","templated":true}]}}